{"id":20884,"date":"2018-01-25T16:42:50","date_gmt":"2018-01-25T15:42:50","guid":{"rendered":"https:\/\/frederiksborg.dk\/museets-samling\/"},"modified":"2018-02-15T15:34:42","modified_gmt":"2018-02-15T14:34:42","slug":"die-sammlungen","status":"publish","type":"page","link":"https:\/\/frederiksborg.dk\/de\/die-sammlungen\/","title":{"rendered":"Die Sammlungen"},"content":{"rendered":"<section id=\"primary-section\">\n\t\t<div class=\"row content-wrapper\">\n\t\t<div class=\"col-12 col-m-12\">\n\t\t\t<img loading=\"lazy\" decoding=\"async\" width=\"1200\" height=\"675\" src=\"https:\/\/frederiksborg.dk\/wp-content\/uploads\/2018\/03\/Christian-4.-kroning.jpg\" class=\"attachment-wide-large-crop size-wide-large-crop wp-post-image\" alt=\"\" srcset=\"https:\/\/frederiksborg.dk\/wp-content\/uploads\/2018\/03\/Christian-4.-kroning.jpg 1200w, https:\/\/frederiksborg.dk\/wp-content\/uploads\/2018\/03\/Christian-4.-kroning-600x338.jpg?theia_smart_thumbnails_file_version=2 600w, https:\/\/frederiksborg.dk\/wp-content\/uploads\/2018\/03\/Christian-4.-kroning-768x432.jpg?theia_smart_thumbnails_file_version=2 768w, https:\/\/frederiksborg.dk\/wp-content\/uploads\/2018\/03\/Christian-4.-kroning-40x23.jpg?theia_smart_thumbnails_file_version=2 40w, https:\/\/frederiksborg.dk\/wp-content\/uploads\/2018\/03\/Christian-4.-kroning-960x540.jpg?theia_smart_thumbnails_file_version=2 960w, https:\/\/frederiksborg.dk\/wp-content\/uploads\/2018\/03\/Christian-4.-kroning-640x360.jpg?theia_smart_thumbnails_file_version=2 640w, https:\/\/frederiksborg.dk\/wp-content\/uploads\/2018\/03\/Christian-4.-kroning-480x270.jpg?theia_smart_thumbnails_file_version=2 480w, https:\/\/frederiksborg.dk\/wp-content\/uploads\/2018\/03\/Christian-4.-kroning-320x180.jpg?theia_smart_thumbnails_file_version=2 320w, https:\/\/frederiksborg.dk\/wp-content\/uploads\/2018\/03\/Christian-4.-kroning-300x169.jpg?theia_smart_thumbnails_file_version=2 300w\" sizes=\"auto, (max-width: 1200px) 100vw, 1200px\" \/>\t\t\t\t\t<\/div>\n\t<\/div>\n\t    <div class=\"row content-wrapper\">\n        <div class=\"col-6 col-m-6\">\n                        <h1 class=\"page-title\">Die Sammlungen<\/h1>\n\t\t\t                                <\/div>\n        <div class=\"col-6 col-m-6\">\n                        <div class=\"intro\"><p>Im Nationalhistorischen Museum werden Portr\u00e4ts, Historiengem\u00e4lde, Kunstgewerbe und Grafiken pr\u00e4sentiert.<\/p>\n<\/div>\n            <div class=\"content\"><p>Museets samling af portr\u00e6tter er Danmarks st\u00f8rste og best\u00e5r af portr\u00e6tmalerier, buster, relieffer og portr\u00e6tfotografier. Historiemalerierne gengiver motiver fra danmarkshistorien, og der er flere kendte v\u00e6rker imellem.<\/p>\n<p>Museets samling af kunstindustri sp\u00e6nder fra 1500-tallet til i dag. Derudover r\u00e5der museet over\u00a0en stor samling af grafiske tryk, der b\u00e5de indeholder primitive folkelige tryk og fornemme kobberstik af h\u00f8j h\u00e5ndv\u00e6rksm\u00e6ssig kvalitet.<\/p>\n<p>Mange af museets stuer er i dag indrettet, s\u00e5 man f\u00e5r et levende indtryk af datidens interi\u00f8rer. Danmarkshistorien fort\u00e6lles gennem portr\u00e6tter, historiemalerier, m\u00f8bler og kunstindustri, der tilsammen giver en oplevelse af den enkelte epoke og den stilm\u00e6ssige udvikling, der har fundet sted. Undervejs m\u00f8der man personer og begivenheder, der har pr\u00e6get landets historie og udvikling fra senmiddelalderen til det 21. \u00e5rhundrede.<\/p>\n<p>P\u00e5 3. sal har museet samlet portr\u00e6tter, historiemalerier og m\u00f8bler fra det 20. og 21. \u00e5rhundrede. P\u00e5 den m\u00e5de bliver fort\u00e6llingen om Danmarks historie f\u00f8rt helt op til nutiden. Rummene er enkle og udg\u00f8r en tidssvarende baggrund for den moderne portr\u00e6tkunst.<\/p>\n<p>I 2009 \u00e5bnede museet et fotogalleri, der ligger i forl\u00e6ngelse af afdelingen for det 20. og 21. \u00e5rhundrede\u00a0p\u00e5 3. sal. Her kan man se skiftende fotoudstillinger og udvalgte fotoportr\u00e6tter fra museets samling.<\/p>\n<\/div>\n\t\t\t                    <\/div>\n    <\/div>\n<\/section>\n<section id=\"section-1\">\n\t<div class=\"content-wrapper\">\n\t\n<div class=\"row\">\n\t<div class=\"col-6 col-m-6\">\n\t\t<div class=\"tile tile-type\">\n\t\t\t<div class=\"content\">\n\t\t\t\t<div class=\"image\">\n\t<img decoding=\"async\" src=\"https:\/\/frederiksborg.dk\/wp-content\/uploads\/2018\/01\/Christian-7-693x900.jpg?theia_smart_thumbnails_file_version=3\" srcset=\"https:\/\/frederiksborg.dk\/wp-content\/uploads\/2018\/01\/Christian-7-693x900.jpg?theia_smart_thumbnails_file_version=3 693w, https:\/\/frederiksborg.dk\/wp-content\/uploads\/2018\/01\/Christian-7-462x600.jpg?theia_smart_thumbnails_file_version=3 462w, https:\/\/frederiksborg.dk\/wp-content\/uploads\/2018\/01\/Christian-7-768x997.jpg?theia_smart_thumbnails_file_version=3 768w, https:\/\/frederiksborg.dk\/wp-content\/uploads\/2018\/01\/Christian-7-31x40.jpg?theia_smart_thumbnails_file_version=3 31w, https:\/\/frederiksborg.dk\/wp-content\/uploads\/2018\/01\/Christian-7-416x540.jpg?theia_smart_thumbnails_file_version=3 416w, https:\/\/frederiksborg.dk\/wp-content\/uploads\/2018\/01\/Christian-7-277x360.jpg?theia_smart_thumbnails_file_version=3 277w, https:\/\/frederiksborg.dk\/wp-content\/uploads\/2018\/01\/Christian-7-208x270.jpg?theia_smart_thumbnails_file_version=3 208w, https:\/\/frederiksborg.dk\/wp-content\/uploads\/2018\/01\/Christian-7-139x180.jpg?theia_smart_thumbnails_file_version=3 139w, https:\/\/frederiksborg.dk\/wp-content\/uploads\/2018\/01\/Christian-7-600x779.jpg?theia_smart_thumbnails_file_version=3 600w, https:\/\/frederiksborg.dk\/wp-content\/uploads\/2018\/01\/Christian-7-300x389.jpg?theia_smart_thumbnails_file_version=3 300w, https:\/\/frederiksborg.dk\/wp-content\/uploads\/2018\/01\/Christian-7.jpg 1100w\" sizes=\"(max-width: 693px) 100vw, 693px\" class=\"\" alt=\"\">\t\t<p class=\"caption\">Christian 7., malet af Alexander Roslin, 1772.<\/p>\n\t<\/div>\n\t\t\t<\/div>\n\t\t<\/div>\n\t<\/div>\n\t<div class=\"col-6 col-m-6\">\n\t\t<div class=\"tile tile-type\">\n\t\t\t<div class=\"content\">\n\t\t\t\t<h2>Portr\u00e6tter<\/h2>\n<p>P\u00e5 Det Nationalhistoriske Museum h\u00e6nger portr\u00e6tter af konger og adelige, kunstnere, politikere og sportsud\u00f8vere under samme tag.<\/p>\n<p>Museets \u00e6ldre samling omfatter prim\u00e6rt portr\u00e6tter af datidens elite: de kongelige og adelige, der havde r\u00e5d til at lade sig portr\u00e6ttere. Efterh\u00e5nden som de borgerliges politiske indflydelse tog til i l\u00f8bet af 1600-tallet, blev det mere almindeligt, at ogs\u00e5 kunstnere, videnskabsfolk, milit\u00e6rpersoner og politikere blev portr\u00e6tteret. Og i\u00a0nyere tid er bl.a. sportsud\u00f8vere og skuespillere kommet til.<\/p>\n<p>Udover de malede portr\u00e6tter rummer udstillingen buster og\u00a0skulpturer. Desuden ejer museet tegninger, grafiske fremstillinger og portr\u00e6tfotografier, som af bevaringsm\u00e6ssige grunde ikke kan udstilles permanent.<\/p>\n<p>Langt de fleste portr\u00e6tmalerier er originale v\u00e6rker udf\u00f8rt af kendte kunstnere som f.eks. Karel van Mander, Jens Juel, Wilhelm Marstrand, P.S. Kr\u00f8yer og Niels Str\u00f8b\u00e6k. Fotografisamlingen omfatter v\u00e6rker af bl.a.\u00a0Rigmor Mydtskov, Henrik Saxgren, Per Morten Abrahamsen og Suste Bonn\u00e9n.<\/p>\n\t\t\t<\/div>\n\t\t<\/div>\n\t<\/div>\n<\/div>\n\n\t<\/div>\n<\/section>\n<section id=\"section-2\">\n\t<div class=\"content-wrapper\">\n\t\n<div class=\"row\">\n\t<div class=\"col-6 col-m-6\">\n\t\t<div class=\"tile tile-type\">\n\t\t\t<div class=\"content\">\n\t\t\t\t<div class=\"image\">\n\t<img decoding=\"async\" src=\"https:\/\/frederiksborg.dk\/wp-content\/uploads\/2018\/01\/Danmark-2009-1122x900.jpg\" srcset=\"https:\/\/frederiksborg.dk\/wp-content\/uploads\/2018\/01\/Danmark-2009-1122x900.jpg 1122w, https:\/\/frederiksborg.dk\/wp-content\/uploads\/2018\/01\/Danmark-2009-600x481.jpg 600w, https:\/\/frederiksborg.dk\/wp-content\/uploads\/2018\/01\/Danmark-2009-768x616.jpg 768w, https:\/\/frederiksborg.dk\/wp-content\/uploads\/2018\/01\/Danmark-2009-1600x1283.jpg 1600w, https:\/\/frederiksborg.dk\/wp-content\/uploads\/2018\/01\/Danmark-2009-40x32.jpg 40w, https:\/\/frederiksborg.dk\/wp-content\/uploads\/2018\/01\/Danmark-2009-673x540.jpg 673w, https:\/\/frederiksborg.dk\/wp-content\/uploads\/2018\/01\/Danmark-2009-449x360.jpg 449w, https:\/\/frederiksborg.dk\/wp-content\/uploads\/2018\/01\/Danmark-2009-337x270.jpg 337w, https:\/\/frederiksborg.dk\/wp-content\/uploads\/2018\/01\/Danmark-2009-224x180.jpg 224w, https:\/\/frederiksborg.dk\/wp-content\/uploads\/2018\/01\/Danmark-2009-300x241.jpg 300w\" sizes=\"(max-width: 1122px) 100vw, 1122px\" class=\"\" alt=\"\">\t\t<p class=\"caption\">\"Danmark 2009\", malet af Peter Carlsen, 2009.<\/p>\n\t<\/div>\n\t\t\t<\/div>\n\t\t<\/div>\n\t<\/div>\n\t<div class=\"col-6 col-m-6\">\n\t\t<div class=\"tile tile-type\">\n\t\t\t<div class=\"content\">\n\t\t\t\t<h2>Historiemalerier<\/h2>\n<p>Historiemaleriet har haft en fremtr\u00e6dende plads p\u00e5 Det Nationalhistoriske Museum siden museets stiftelse i 1878. P\u00e5 en rejse til Frankrig bes\u00f8gte brygger J. C. Jacobsen det historiske museum i Versailles, hvor Frankrigs historie kunne studeres i malerier. Museet gjorde et dybt indtryk p\u00e5 Jacobsen, og det var her, han fik ideen til at forsyne Det Nationalhistoriske Museum med malerier, der kunne levendeg\u00f8re Danmarks fortid og styrke den danske selvforst\u00e5else.<\/p>\n<p>Otto Baches &#8222;De Sammensvorne rider fra Finderup Lade efter mordet p\u00e5 Erik Klipping i 1286&#8220; er udf\u00f8rt 1880-82 og var et af museets f\u00f8rste erhvervelser. Maleriet, der n\u00e6rmest er blevet et monument over den nationalromantiske historieopfattelse, forestiller Danmarks sidste kongemord.<\/p>\n<p>I 1889 modtog kunstneren Laurits Tuxen bestilling p\u00e5 et monumentalt maleri forestillende &#8222;Arkonas indtagelse under Kong Valdemar den Store og Biskop Absalon i 1169&#8220;. Begivenheden kendes fra Saxos Danmarkskr\u00f8nike, som blev skrevet p\u00e5 Absalons foranledning.<\/p>\n<p>Som genre er historiemaleriet fortsat aktuelt p\u00e5 Det Nationalhistoriske Museum. I 1998 udf\u00f8rte Thomas Kluge maleriet &#8222;Et kort ophold&#8220;, som forestiller danske FN soldater i Bosnien. I 2002 malede Martin Bigum fire historiemalerier om Christian 4.s liv til museets permanente b\u00f8rneudstilling. Endelig kan man i afdelingen for det 20. og 21. \u00e5rhundrede\u00a0finde museets nyeste erhvervelse inden for genren, Peter Carlsens &#8222;Danmark 2009&#8220;, som rummer en karakteristik af et land pr\u00e6get af forandring og opbrud.<\/p>\n<p>De seneste \u00e5r er museets samling blevet udvidet med to nye bataljemalerier, og\u00a0i\u00a0august 2014\u00a0blev det sidste\u00a0af tre bataljemalerier afsl\u00f8ret, &#8222;Blue Shield&#8220; af Peter Martensen.\u00a0Museets tre nyeste bataljemalerier &#8222;Blue Shield&#8220;,\u00a0&#8222;Transition &#8211; de danske styrker i Afghanistan&#8220; og &#8222;Libyen 2011&#8220; giver indblik i\u00a0det danske engagement i tre milit\u00e6re missioner indenfor de seneste \u00e5r. De er udstillet\u00a0i to rum p\u00e5 museets 3. sal sammen med andre nyere bataljemalerier.<\/p>\n\t\t\t<\/div>\n\t\t<\/div>\n\t<\/div>\n<\/div>\n\n\t<\/div>\n<\/section>\n<section id=\"secondary-content\">\n\n\t<div class=\"textpanel fullwidth\">\n\t<div class=\"content-wrapper\">\n\t\t\t\t\t\t\t\t<p>Das Nationalhistorische Museum wurde vom Gr\u00fcnder der Carlsberg Brauerei, J. C. Jacobsen, in 1878 errichtet und ist eine eigene Abteilung der Carlsberg Stiftung.<\/p>\n\t\t\t\t<a href=\"https:\/\/frederiksborg.dk\/de\/das-museum\/\" class=\"button\">Lesen Sie mehr<\/a>\n\t\t\t<\/div>\n<\/div>\n\t\n<\/section>\n","protected":false},"excerpt":{"rendered":"<p>Die Sammlungen Im Nationalhistorischen Museum werden Portr\u00e4ts, Historiengem\u00e4lde, Kunstgewerbe und Grafiken pr\u00e4sentiert. Museets samling af portr\u00e6tter er Danmarks st\u00f8rste og best\u00e5r af portr\u00e6tmalerier, buster, relieffer og portr\u00e6tfotografier. Historiemalerierne gengiver motiver fra danmarkshistorien, og der er flere kendte v\u00e6rker imellem. Museets samling af kunstindustri sp\u00e6nder fra 1500-tallet til i dag. Derudover r\u00e5der museet over\u00a0en stor samling [&hellip;]<\/p>\n","protected":false},"author":5,"featured_media":22023,"parent":0,"menu_order":0,"comment_status":"closed","ping_status":"closed","template":"","meta":{"_acf_changed":false,"_relevanssi_hide_post":"","_relevanssi_hide_content":"","_relevanssi_pin_for_all":"","_relevanssi_pin_keywords":"","_relevanssi_unpin_keywords":"","_relevanssi_related_keywords":"","_relevanssi_related_include_ids":"","_relevanssi_related_exclude_ids":"","_relevanssi_related_no_append":"","_relevanssi_related_not_related":"","_relevanssi_related_posts":"","_relevanssi_noindex_reason":"","footnotes":""},"class_list":["post-20884","page","type-page","status-publish","has-post-thumbnail","hentry"],"acf":[],"yoast_head":"<!-- This site is optimized with the Yoast SEO plugin v27.3 - https:\/\/yoast.com\/product\/yoast-seo-wordpress\/ -->\n<title>Die Sammlungen - Frederiksborg<\/title>\n<meta name=\"robots\" content=\"index, follow, max-snippet:-1, max-image-preview:large, max-video-preview:-1\" \/>\n<link rel=\"canonical\" href=\"https:\/\/frederiksborg.dk\/de\/die-sammlungen\/\" \/>\n<meta property=\"og:locale\" content=\"de_DE\" \/>\n<meta property=\"og:type\" content=\"article\" \/>\n<meta property=\"og:title\" content=\"Die Sammlungen - Frederiksborg\" \/>\n<meta property=\"og:description\" content=\"Die Sammlungen Im Nationalhistorischen Museum werden Portr\u00e4ts, Historiengem\u00e4lde, Kunstgewerbe und Grafiken pr\u00e4sentiert. Museets samling af portr\u00e6tter er Danmarks st\u00f8rste og best\u00e5r af portr\u00e6tmalerier, buster, relieffer og portr\u00e6tfotografier. Historiemalerierne gengiver motiver fra danmarkshistorien, og der er flere kendte v\u00e6rker imellem. Museets samling af kunstindustri sp\u00e6nder fra 1500-tallet til i dag. Derudover r\u00e5der museet over\u00a0en stor samling [&hellip;]\" \/>\n<meta property=\"og:url\" content=\"https:\/\/frederiksborg.dk\/de\/die-sammlungen\/\" \/>\n<meta property=\"og:site_name\" content=\"Frederiksborg\" \/>\n<meta property=\"article:modified_time\" content=\"2018-02-15T14:34:42+00:00\" \/>\n<meta property=\"og:image\" content=\"https:\/\/frederiksborg.dk\/wp-content\/uploads\/2018\/03\/Christian-4.-kroning.jpg\" \/>\n\t<meta property=\"og:image:width\" content=\"1200\" \/>\n\t<meta property=\"og:image:height\" content=\"675\" \/>\n\t<meta property=\"og:image:type\" content=\"image\/jpeg\" \/>\n<meta name=\"twitter:card\" content=\"summary_large_image\" \/>\n<script type=\"application\/ld+json\" class=\"yoast-schema-graph\">{\"@context\":\"https:\\\/\\\/schema.org\",\"@graph\":[{\"@type\":\"WebPage\",\"@id\":\"https:\\\/\\\/frederiksborg.dk\\\/de\\\/die-sammlungen\\\/\",\"url\":\"https:\\\/\\\/frederiksborg.dk\\\/de\\\/die-sammlungen\\\/\",\"name\":\"Die Sammlungen - Frederiksborg\",\"isPartOf\":{\"@id\":\"https:\\\/\\\/frederiksborg.dk\\\/#website\"},\"primaryImageOfPage\":{\"@id\":\"https:\\\/\\\/frederiksborg.dk\\\/de\\\/die-sammlungen\\\/#primaryimage\"},\"image\":{\"@id\":\"https:\\\/\\\/frederiksborg.dk\\\/de\\\/die-sammlungen\\\/#primaryimage\"},\"thumbnailUrl\":\"https:\\\/\\\/frederiksborg.dk\\\/wp-content\\\/uploads\\\/2018\\\/03\\\/Christian-4.-kroning.jpg\",\"datePublished\":\"2018-01-25T15:42:50+00:00\",\"dateModified\":\"2018-02-15T14:34:42+00:00\",\"breadcrumb\":{\"@id\":\"https:\\\/\\\/frederiksborg.dk\\\/de\\\/die-sammlungen\\\/#breadcrumb\"},\"inLanguage\":\"de\",\"potentialAction\":[{\"@type\":\"ReadAction\",\"target\":[\"https:\\\/\\\/frederiksborg.dk\\\/de\\\/die-sammlungen\\\/\"]}]},{\"@type\":\"ImageObject\",\"inLanguage\":\"de\",\"@id\":\"https:\\\/\\\/frederiksborg.dk\\\/de\\\/die-sammlungen\\\/#primaryimage\",\"url\":\"https:\\\/\\\/frederiksborg.dk\\\/wp-content\\\/uploads\\\/2018\\\/03\\\/Christian-4.-kroning.jpg\",\"contentUrl\":\"https:\\\/\\\/frederiksborg.dk\\\/wp-content\\\/uploads\\\/2018\\\/03\\\/Christian-4.-kroning.jpg\",\"width\":1200,\"height\":675},{\"@type\":\"BreadcrumbList\",\"@id\":\"https:\\\/\\\/frederiksborg.dk\\\/de\\\/die-sammlungen\\\/#breadcrumb\",\"itemListElement\":[{\"@type\":\"ListItem\",\"position\":1,\"name\":\"Hjem\",\"item\":\"https:\\\/\\\/frederiksborg.dk\\\/de\\\/\"},{\"@type\":\"ListItem\",\"position\":2,\"name\":\"Die Sammlungen\"}]},{\"@type\":\"WebSite\",\"@id\":\"https:\\\/\\\/frederiksborg.dk\\\/#website\",\"url\":\"https:\\\/\\\/frederiksborg.dk\\\/\",\"name\":\"Frederiksborg\",\"description\":\"Frederiksborg \u2219 Nationalhistorisk Museum\",\"potentialAction\":[{\"@type\":\"SearchAction\",\"target\":{\"@type\":\"EntryPoint\",\"urlTemplate\":\"https:\\\/\\\/frederiksborg.dk\\\/?s={search_term_string}\"},\"query-input\":{\"@type\":\"PropertyValueSpecification\",\"valueRequired\":true,\"valueName\":\"search_term_string\"}}],\"inLanguage\":\"de\"}]}<\/script>\n<!-- \/ Yoast SEO plugin. -->","yoast_head_json":{"title":"Die Sammlungen - Frederiksborg","robots":{"index":"index","follow":"follow","max-snippet":"max-snippet:-1","max-image-preview":"max-image-preview:large","max-video-preview":"max-video-preview:-1"},"canonical":"https:\/\/frederiksborg.dk\/de\/die-sammlungen\/","og_locale":"de_DE","og_type":"article","og_title":"Die Sammlungen - Frederiksborg","og_description":"Die Sammlungen Im Nationalhistorischen Museum werden Portr\u00e4ts, Historiengem\u00e4lde, Kunstgewerbe und Grafiken pr\u00e4sentiert. Museets samling af portr\u00e6tter er Danmarks st\u00f8rste og best\u00e5r af portr\u00e6tmalerier, buster, relieffer og portr\u00e6tfotografier. Historiemalerierne gengiver motiver fra danmarkshistorien, og der er flere kendte v\u00e6rker imellem. Museets samling af kunstindustri sp\u00e6nder fra 1500-tallet til i dag. Derudover r\u00e5der museet over\u00a0en stor samling [&hellip;]","og_url":"https:\/\/frederiksborg.dk\/de\/die-sammlungen\/","og_site_name":"Frederiksborg","article_modified_time":"2018-02-15T14:34:42+00:00","og_image":[{"width":1200,"height":675,"url":"https:\/\/frederiksborg.dk\/wp-content\/uploads\/2018\/03\/Christian-4.-kroning.jpg","type":"image\/jpeg"}],"twitter_card":"summary_large_image","schema":{"@context":"https:\/\/schema.org","@graph":[{"@type":"WebPage","@id":"https:\/\/frederiksborg.dk\/de\/die-sammlungen\/","url":"https:\/\/frederiksborg.dk\/de\/die-sammlungen\/","name":"Die Sammlungen - Frederiksborg","isPartOf":{"@id":"https:\/\/frederiksborg.dk\/#website"},"primaryImageOfPage":{"@id":"https:\/\/frederiksborg.dk\/de\/die-sammlungen\/#primaryimage"},"image":{"@id":"https:\/\/frederiksborg.dk\/de\/die-sammlungen\/#primaryimage"},"thumbnailUrl":"https:\/\/frederiksborg.dk\/wp-content\/uploads\/2018\/03\/Christian-4.-kroning.jpg","datePublished":"2018-01-25T15:42:50+00:00","dateModified":"2018-02-15T14:34:42+00:00","breadcrumb":{"@id":"https:\/\/frederiksborg.dk\/de\/die-sammlungen\/#breadcrumb"},"inLanguage":"de","potentialAction":[{"@type":"ReadAction","target":["https:\/\/frederiksborg.dk\/de\/die-sammlungen\/"]}]},{"@type":"ImageObject","inLanguage":"de","@id":"https:\/\/frederiksborg.dk\/de\/die-sammlungen\/#primaryimage","url":"https:\/\/frederiksborg.dk\/wp-content\/uploads\/2018\/03\/Christian-4.-kroning.jpg","contentUrl":"https:\/\/frederiksborg.dk\/wp-content\/uploads\/2018\/03\/Christian-4.-kroning.jpg","width":1200,"height":675},{"@type":"BreadcrumbList","@id":"https:\/\/frederiksborg.dk\/de\/die-sammlungen\/#breadcrumb","itemListElement":[{"@type":"ListItem","position":1,"name":"Hjem","item":"https:\/\/frederiksborg.dk\/de\/"},{"@type":"ListItem","position":2,"name":"Die Sammlungen"}]},{"@type":"WebSite","@id":"https:\/\/frederiksborg.dk\/#website","url":"https:\/\/frederiksborg.dk\/","name":"Frederiksborg","description":"Frederiksborg \u2219 Nationalhistorisk Museum","potentialAction":[{"@type":"SearchAction","target":{"@type":"EntryPoint","urlTemplate":"https:\/\/frederiksborg.dk\/?s={search_term_string}"},"query-input":{"@type":"PropertyValueSpecification","valueRequired":true,"valueName":"search_term_string"}}],"inLanguage":"de"}]}},"_links":{"self":[{"href":"https:\/\/frederiksborg.dk\/de\/wp-json\/wp\/v2\/pages\/20884","targetHints":{"allow":["GET"]}}],"collection":[{"href":"https:\/\/frederiksborg.dk\/de\/wp-json\/wp\/v2\/pages"}],"about":[{"href":"https:\/\/frederiksborg.dk\/de\/wp-json\/wp\/v2\/types\/page"}],"author":[{"embeddable":true,"href":"https:\/\/frederiksborg.dk\/de\/wp-json\/wp\/v2\/users\/5"}],"replies":[{"embeddable":true,"href":"https:\/\/frederiksborg.dk\/de\/wp-json\/wp\/v2\/comments?post=20884"}],"version-history":[{"count":0,"href":"https:\/\/frederiksborg.dk\/de\/wp-json\/wp\/v2\/pages\/20884\/revisions"}],"wp:featuredmedia":[{"embeddable":true,"href":"https:\/\/frederiksborg.dk\/de\/wp-json\/wp\/v2\/media\/22023"}],"wp:attachment":[{"href":"https:\/\/frederiksborg.dk\/de\/wp-json\/wp\/v2\/media?parent=20884"}],"curies":[{"name":"wp","href":"https:\/\/api.w.org\/{rel}","templated":true}]}}